{"id":8,"date":"2021-05-05T09:48:26","date_gmt":"2021-05-05T09:48:26","guid":{"rendered":"https:\/\/alfonsoyramon.com\/?page_id=8"},"modified":"2021-07-06T06:56:13","modified_gmt":"2021-07-06T06:56:13","slug":"politica-de-privacidad","status":"publish","type":"page","link":"https:\/\/alfonsoyramon.com\/?page_id=8","title":{"rendered":"Pol\u00edtica de privacidad"},"content":{"rendered":"\n<figure class=\"wp-block-image is-resized\" id=\"block-af993e66-8ff7-4849-a1a2-d4fa341e2ecf\"><a href=\"https:\/\/alfonsoyramon.com\/\"><img fetchpriority=\"high\" decoding=\"async\" src=\"https:\/\/alfonsoyramon.com\/wp-content\/uploads\/2021\/05\/logo-alfonsoyramon-1024x424.png\" alt=\"La imagen tiene un atributo ALT vac\u00edo; su nombre de archivo es logo-alfonsoyramon-1024x424.png\" width=\"451\" height=\"186\"\/><\/a><\/figure>\n\n\n\n<p><a href=\"https:\/\/www.publitactil.com\/index.html\"><\/a><\/p>\n\n\n\n<h1 class=\"has-text-color wp-block-heading\" style=\"color:#274472\">POL\u00cdTICA DE PRIVACIDAD<\/h1>\n\n\n\n<p>El Usuario que nos facilite datos de car\u00e1cter personal a Alfonso y Ramon SL garantiza que los datos facilitados son ciertos y exactos y se compromete a notificar cualquier cambio o modificaci\u00f3n de estos.<\/p>\n\n\n\n<p>Responsable del tratamiento de sus datos<\/p>\n\n\n\n<p>Titular de la Web: Alfonso y Ramon SL<\/p>\n\n\n\n<p>CIF: B30578363.<\/p>\n\n\n\n<p>Domicilio Social: Ctra. Yecla, km 73,200 30520-Jumilla (Murcia)<\/p>\n\n\n\n<p>Correo electr\u00f3nico de contacto: info@alfonsoyramon.com del sitio web.<\/p>\n\n\n\n<h3 class=\"has-text-color wp-block-heading\" style=\"color:#274472\"><strong>\u00bfQu\u00e9 tipo de datos tratamos?<\/strong><\/h3>\n\n\n\n<p>Dependiendo de los productos, servicios o funcionalidades en cada momento necesitaremos tratar unos datos u otros. En general dichos datos, ser\u00e1n, seg\u00fan el caso, los siguientes:<\/p>\n\n\n\n<p>Sus datos identificativos (Por ejemplo: Su nombre, apellido, idioma, pa\u00eds desde el que interact\u00faas con nosotros, datos de contacto, etc.)<\/p>\n\n\n\n<p>Datos de conexi\u00f3n, geolocalizaci\u00f3n y navegaci\u00f3n (en caso de que interact\u00faes con nosotros desde el m\u00f3vil, por ejemplo).<\/p>\n\n\n\n<h3 class=\"has-text-color wp-block-heading\" style=\"color:#274472\"><strong>Informaci\u00f3n comercial<\/strong><\/h3>\n\n\n\n<p>Datos sobre sus gustos y preferencias.<\/p>\n\n\n\n<p>Recuerda que, cuando le pidamos que rellene sus datos personales para darle acceso a alguna funcionalidad o servicio de la web, marcaremos algunos campos como obligatorios, puesto que son datos que necesitamos para poder prestarle el servicio o darle acceso a la funcionalidad en cuesti\u00f3n.<\/p>\n\n\n\n<h3 class=\"has-text-color wp-block-heading\" style=\"color:#274472\"><strong>\u00bfCon qu\u00e9 finalidad tratamos sus datos personales?<\/strong><\/h3>\n\n\n\n<p>Dependiendo de c\u00f3mo interact\u00fae con nuestra web, trataremos sus datos personales para las siguientes finalidades:<\/p>\n\n\n\n<p>Para atender las solicitudes o peticiones que realice a trav\u00e9s de los distintos medios incorporados a nuestra web. S\u00f3lo tratamos los datos personales que sean estrictamente necesarios para gestionar o resolver su solicitud o petici\u00f3n.<\/p>\n\n\n\n<p>Facturaci\u00f3n. Trataremos sus datos seg\u00fan indique la legislaci\u00f3n espa\u00f1ola vigente, as\u00ed como su conservaci\u00f3n desde la \u00faltima finalizaci\u00f3n compra o servicio.&nbsp;<\/p>\n\n\n\n<p>Para fines de marketing. En la medida en que se suscriba a nuestra Newsletter, sus datos personales ser\u00e1n utilizados para la remisi\u00f3n peri\u00f3dica de boletines informativos de la empresa. Tambi\u00e9n podemos utilizar sus datos para enviarle informaci\u00f3n sobre nuestros productos y promociones. Debe recordar que puede darse de baja en cualquier momento y sin coste alguno comunic\u00e1ndolo en el mail <a href=\"mailto:info@alfonsoyramon.com\">info@alfonsoyramon.com<\/a>.<\/p>\n\n\n\n<p>An\u00e1lisis de usabilidad y de calidad para la mejora de nuestros servicios (Cookies)En alguna de nuestras plataformas le informamos de que trataremos sus datos de navegaci\u00f3n para fines anal\u00edticos y estad\u00edsticos, es decir, para entender la forma en la que los usuarios interact\u00faan con nuestra Plataforma y as\u00ed ser capaces de introducir mejoras en la misma. Asimismo, en ocasiones, realizamos acciones y encuestas de calidad destinadas a conocer el grado de satisfacci\u00f3n de nuestros clientes y usuarios y detectar aquellas \u00e1reas en las que podemos mejorar.<\/p>\n\n\n\n<h3 class=\"has-text-color wp-block-heading\" style=\"color:#274472\"><strong>\u00bfCu\u00e1l es la legitimaci\u00f3n para el tratamiento de sus datos?<\/strong><\/h3>\n\n\n\n<p>La base legal que nos permite tratar sus datos personales tambi\u00e9n depende de la finalidad para la que los tratemos, de este modo encontraremos distintas bases legales en virtud de las siguientes finalidades:<\/p>\n\n\n\n<p><em>Atenci\u00f3n solicitudes de informaci\u00f3n.<\/em> La base legal para el tratamiento de sus datos es el consentimiento informado para dar respuesta a las consultas planteadas a trav\u00e9s de la p\u00e1gina web, lo que supone la aceptaci\u00f3n de estas condiciones por parte del interesado.<\/p>\n\n\n\n<p><em>Facturaci\u00f3n.<\/em> La base legal de ejecuci\u00f3n del contrato seg\u00fan la legislaci\u00f3n vigente y env\u00edo a la direcci\u00f3n facilitada, atenci\u00f3n de cancelaciones, garanticas, devoluciones, consultas e incidencias\u2026<\/p>\n\n\n\n<p><em>Marketing y Gesti\u00f3n.<\/em> de su participaci\u00f3n en concursos, sorteos y promociones. La base leg\u00edtima para tratar sus datos con finalidades de marketing es el consentimiento que usted presta.<\/p>\n\n\n\n<p><em>&nbsp;Venta de productos<\/em>. la base legal es la ejecuci\u00f3n de un contrato (gesti\u00f3n de sus pedidos, env\u00edo a la direcci\u00f3n facilitada, atenci\u00f3n de devoluciones, consultas e incidencias\u2026)<\/p>\n\n\n\n<p><em>An\u00e1lisis de usabilidad y de calidad<\/em> (Cookies)Consentimiento del usuario para la implantaci\u00f3n de cookies.<\/p>\n\n\n\n<p><\/p>\n\n\n\n<h3 class=\"has-text-color wp-block-heading\" style=\"color:#274472\"><strong>\u00bfDurante cu\u00e1nto tiempo conservaremos sus datos?<\/strong><\/h3>\n\n\n\n<p>Solicitud de informaci\u00f3n. Trataremos sus datos durante el tiempo que sea necesario para atender su solicitud o petici\u00f3n y posteriormente 6 meses.&nbsp;<\/p>\n\n\n\n<p>Marketing. Trataremos sus datos hasta que solicite la baja o cancele su suscripci\u00f3n a la newsletter.<\/p>\n\n\n\n<p>Facturaci\u00f3n. El tratamiento de contabilidad, facturaci\u00f3n se gestiona a trav\u00e9s de la gestor\u00eda\/asesor\u00eda, comunicaci\u00f3n a la administraci\u00f3n p\u00fablica seg\u00fan legislaci\u00f3n espa\u00f1ola vigente. Duraci\u00f3n la que determine la legislaci\u00f3n espa\u00f1ola.<\/p>\n\n\n\n<h3 class=\"has-text-color wp-block-heading\" style=\"color:#274472\"><strong>\u00bfQu\u00e9 derecho tienen los usuarios?<\/strong><\/h3>\n\n\n\n<p>Cualquier persona tiene derecho a obtener confirmaci\u00f3n sobre los tratamientos que de sus datos que se llevan a cabo por la AEPD. Puede ejercer sus <em>derechos de acceso, rectificaci\u00f3n, supresi\u00f3n y portabilidad de sus datos, de limitaci\u00f3n y oposici\u00f3n a su tratamiento<\/em>, as\u00ed como a no ser objeto de decisiones basadas \u00fanicamente en el tratamiento automatizado de sus datos, cuando procedan, ante Alfonso y Ram\u00f3n SL, Domicilio Social: Ctra. Yecla, km 73,200 30520-Jumilla (Murcia) y correo electr\u00f3nico de contacto: info@alfonsoyramon.com<\/p>\n\n\n\n<p>Los derechos anteriores indicados tendr\u00e1n la limitaci\u00f3n u obligaci\u00f3n seg\u00fan legislaci\u00f3n espa\u00f1ola vigente.<\/p>\n\n\n\n<h3 class=\"has-text-color wp-block-heading\" style=\"color:#274472\"><strong>Cambios a la pol\u00edtica de privacidad<\/strong><\/h3>\n\n\n\n<p>Es posible que modifiquemos la informaci\u00f3n contenida en esta Pol\u00edtica de Privacidad cuando lo estimemos conveniente. En caso de que lo hagamos, se lo notificaremos por distintas v\u00edas a trav\u00e9s de la Plataforma, o incluso se lo comunicaremos a tu direcci\u00f3n de correo electr\u00f3nico cuando el cambio en cuesti\u00f3n sea significativo para con su privacidad, de manera que pueda revisar los cambios, valorarlos y, en su caso, oponerse o darse de baja en alg\u00fan servicio o funcionalidad.<\/p>\n\n\n\n<h3 class=\"has-text-color wp-block-heading\" style=\"color:#274472\"><strong><strong>Informaci\u00f3n sobre cookies<\/strong><\/strong><\/h3>\n\n\n\n<p>Utilizamos cookies y dispositivos similares para facilitar su navegaci\u00f3n en la Plataforma, conocer c\u00f3mo interact\u00faas con nosotros y, en determinados casos, poder mostrarte publicidad en funci\u00f3n de tus h\u00e1bitos de navegaci\u00f3n. Por favor, lee nuestra Pol\u00edtica de Cookies para conocer con mayor detalle las cookies y dispositivos similares que usamos, su finalidad y otra informaci\u00f3n de inter\u00e9s.<\/p>\n\n\n\n<style>.site-header{display:none;}\n.page-header{display:none;}<\/style>\n","protected":false},"excerpt":{"rendered":"<p>POL\u00cdTICA DE PRIVACIDAD El Usuario que nos facilite datos de car\u00e1cter personal a Alfonso y Ramon SL garantiza que los datos facilitados son ciertos y exactos y se compromete a notificar cualquier cambio o modificaci\u00f3n de estos. Responsable del tratamiento de sus datos Titular de la Web: Alfonso y Ramon SL CIF: B30578363. Domicilio Social: [&hellip;]<\/p>\n","protected":false},"author":1,"featured_media":0,"parent":0,"menu_order":0,"comment_status":"closed","ping_status":"closed","template":"","meta":{"inline_featured_image":false,"footnotes":""},"class_list":["post-8","page","type-page","status-publish","hentry"],"_links":{"self":[{"href":"https:\/\/alfonsoyramon.com\/index.php?rest_route=\/wp\/v2\/pages\/8"}],"collection":[{"href":"https:\/\/alfonsoyramon.com\/index.php?rest_route=\/wp\/v2\/pages"}],"about":[{"href":"https:\/\/alfonsoyramon.com\/index.php?rest_route=\/wp\/v2\/types\/page"}],"author":[{"embeddable":true,"href":"https:\/\/alfonsoyramon.com\/index.php?rest_route=\/wp\/v2\/users\/1"}],"replies":[{"embeddable":true,"href":"https:\/\/alfonsoyramon.com\/index.php?rest_route=%2Fwp%2Fv2%2Fcomments&post=8"}],"version-history":[{"count":0,"href":"https:\/\/alfonsoyramon.com\/index.php?rest_route=\/wp\/v2\/pages\/8\/revisions"}],"wp:attachment":[{"href":"https:\/\/alfonsoyramon.com\/index.php?rest_route=%2Fwp%2Fv2%2Fmedia&parent=8"}],"curies":[{"name":"wp","href":"https:\/\/api.w.org\/{rel}","templated":true}]}}