{"id":10,"date":"2021-05-05T09:53:13","date_gmt":"2021-05-05T09:53:13","guid":{"rendered":"https:\/\/alfonsoyramon.com\/?page_id=10"},"modified":"2021-07-06T06:57:54","modified_gmt":"2021-07-06T06:57:54","slug":"politica-de-cookies","status":"publish","type":"page","link":"https:\/\/alfonsoyramon.com\/?page_id=10","title":{"rendered":"T\u00e9rminos y condiciones de venta"},"content":{"rendered":"\n<div class=\"wp-block-columns is-layout-flex wp-container-core-columns-is-layout-1 wp-block-columns-is-layout-flex\">\n<div class=\"wp-block-column is-layout-flow wp-block-column-is-layout-flow\" style=\"flex-basis:100%\">\n<div class=\"wp-block-image\"><figure class=\"alignleft size-large is-resized\"><a href=\"https:\/\/alfonsoyramon.com\/\"><img fetchpriority=\"high\" decoding=\"async\" src=\"https:\/\/alfonsoyramon.com\/wp-content\/uploads\/2021\/05\/logo-alfonsoyramon-1024x424.png\" alt=\"\" class=\"wp-image-13\" width=\"521\" height=\"215\" srcset=\"https:\/\/alfonsoyramon.com\/wp-content\/uploads\/2021\/05\/logo-alfonsoyramon-1024x424.png 1024w, https:\/\/alfonsoyramon.com\/wp-content\/uploads\/2021\/05\/logo-alfonsoyramon-300x124.png 300w, https:\/\/alfonsoyramon.com\/wp-content\/uploads\/2021\/05\/logo-alfonsoyramon-768x318.png 768w, https:\/\/alfonsoyramon.com\/wp-content\/uploads\/2021\/05\/logo-alfonsoyramon.png 1453w\" sizes=\"(max-width: 521px) 100vw, 521px\" \/><\/a><\/figure><\/div>\n<\/div>\n<\/div>\n\n\n\n<h1 class=\"has-text-color wp-block-heading\" style=\"color:#274472\">DATOS DEL PROPIETARIO<\/h1>\n\n\n\n<p>Titular de la Propiedad: Alfonso y Ramon SL<\/p>\n\n\n\n<p>\u2013 CIF: B30578363.<\/p>\n\n\n\n<p>\u2013 Domicilio Social: Ctra. Yecla, km 73,200 30520-Jumilla (Murcia)<\/p>\n\n\n\n<p>\u2013 Correo electr\u00f3nico de contacto: info@alfonsoyramon.com<\/p>\n\n\n\n<h3 class=\"has-text-color wp-block-heading\" style=\"color:#274472\">INFORMACI\u00d3N Y VENTAS<\/h3>\n\n\n\n<p>El CLIENTE puede solicitar informaci\u00f3n por tel\u00e9fono, por correo electr\u00f3nico y por nuestras redes sociales (Facebook e Instagram). Se informar\u00e1 de la disponibilidad, caracter\u00edsticas, precios, y cualquier otra cuesti\u00f3n que requiera el CLIENTE.<\/p>\n\n\n\n<p>Las VENTAS DE PRODUCTOS Y SERVICIOS se realizar\u00e1n exclusivamente en la tienda f\u00edsica: Ctra. Yecla, km 73,200 30520-Jumilla (Murcia)<\/p>\n\n\n\n<p>La p\u00e1gina web no permite realizar reservas ni pagos, por tanto, solo tiene como finalidad de informar de nuestros productos y servicios que disponemos, as\u00ed como informar del precio del mismo sin incluir impuestos y tasas.<\/p>\n\n\n\n<p>PAGOS<\/p>\n\n\n\n<p>La p\u00e1gina web no acepta medios de pago. Los servicios y venta de productos se realizar\u00e1n en la tienda f\u00edsica.<\/p>\n\n\n\n<h3 class=\"has-text-color wp-block-heading\" style=\"color:#274472\">GARANT\u00cdAS, RECLAMACIONES<\/h3>\n\n\n\n<p>Los productos y servicios disponen de las garant\u00edas que marca la legislaci\u00f3n vigente. Antes de adquirir el producto o servicio en la tienda f\u00edsica ser\u00e1 informado.<\/p>\n\n\n\n<style>.site-header{display:none;}\n.page-header{display:none;}<\/style>\n","protected":false},"excerpt":{"rendered":"<p>DATOS DEL PROPIETARIO Titular de la Propiedad: Alfonso y Ramon SL \u2013 CIF: B30578363. \u2013 Domicilio Social: Ctra. Yecla, km 73,200 30520-Jumilla (Murcia) \u2013 Correo electr\u00f3nico de contacto: info@alfonsoyramon.com INFORMACI\u00d3N Y VENTAS El CLIENTE puede solicitar informaci\u00f3n por tel\u00e9fono, por correo electr\u00f3nico y por nuestras redes sociales (Facebook e Instagram). Se informar\u00e1 de la disponibilidad, [&hellip;]<\/p>\n","protected":false},"author":1,"featured_media":0,"parent":0,"menu_order":0,"comment_status":"closed","ping_status":"closed","template":"","meta":{"inline_featured_image":false,"footnotes":""},"class_list":["post-10","page","type-page","status-publish","hentry"],"_links":{"self":[{"href":"https:\/\/alfonsoyramon.com\/index.php?rest_route=\/wp\/v2\/pages\/10"}],"collection":[{"href":"https:\/\/alfonsoyramon.com\/index.php?rest_route=\/wp\/v2\/pages"}],"about":[{"href":"https:\/\/alfonsoyramon.com\/index.php?rest_route=\/wp\/v2\/types\/page"}],"author":[{"embeddable":true,"href":"https:\/\/alfonsoyramon.com\/index.php?rest_route=\/wp\/v2\/users\/1"}],"replies":[{"embeddable":true,"href":"https:\/\/alfonsoyramon.com\/index.php?rest_route=%2Fwp%2Fv2%2Fcomments&post=10"}],"version-history":[{"count":0,"href":"https:\/\/alfonsoyramon.com\/index.php?rest_route=\/wp\/v2\/pages\/10\/revisions"}],"wp:attachment":[{"href":"https:\/\/alfonsoyramon.com\/index.php?rest_route=%2Fwp%2Fv2%2Fmedia&parent=10"}],"curies":[{"name":"wp","href":"https:\/\/api.w.org\/{rel}","templated":true}]}}